{"id":714,"date":"2023-07-06T10:37:42","date_gmt":"2023-07-06T10:37:42","guid":{"rendered":"https:\/\/www.jurif.com\/oriol-munne-rama\/"},"modified":"2024-07-10T12:18:45","modified_gmt":"2024-07-10T10:18:45","slug":"oriol-munne-rama","status":"publish","type":"page","link":"https:\/\/www.jurif.com\/es\/oriol-munne-rama\/","title":{"rendered":"Oriol Munn\u00e9 Rama"},"content":{"rendered":"<div id='av-layout-grid-1'  class='av-layout-grid-container av-p7o5o-515970de988acdb15f4ae7e5476fdc33 entry-content-wrapper main_color av-flex-cells  avia-builder-el-0  avia-builder-el-no-sibling   container_wrap fullsize'  >\n<div class='flex_cell av-ky3lw-4b1de77c3356ddb601d711a134f48a66 av-gridrow-cell av_one_third no_margin  avia-builder-el-1  el_before_av_cell_one_third  avia-builder-el-first '  ><div class='flex_cell_inner'><div  class='flex_column av-13gr8-95381db260c40237e51de33c021634d2 av_one_full  avia-builder-el-2  avia-builder-el-no-sibling  first flex_column_div  '     ><style type=\"text\/css\" data-created_by=\"avia_inline_auto\" id=\"style-css-av-libh86u7-38cfb931a62cb3b08f6468dbaae01095\">\n.avia-image-container.av-libh86u7-38cfb931a62cb3b08f6468dbaae01095 img.avia_image{\nbox-shadow:none;\n}\n.avia-image-container.av-libh86u7-38cfb931a62cb3b08f6468dbaae01095 .av-image-caption-overlay-center{\ncolor:#ffffff;\n}\n<\/style>\n<div  class='avia-image-container av-libh86u7-38cfb931a62cb3b08f6468dbaae01095 av-styling- avia-align-center  avia-builder-el-3  avia-builder-el-no-sibling '   itemprop=\"image\" itemscope=\"itemscope\" itemtype=\"https:\/\/schema.org\/ImageObject\" ><div class=\"avia-image-container-inner\"><div class=\"avia-image-overlay-wrap\"><img decoding=\"async\" fetchpriority=\"high\" class='wp-image-917 avia-img-lazy-loading-not-917 avia_image ' src=\"https:\/\/www.jurif.com\/wp-content\/uploads\/2023\/07\/Oriol-in.jpg\" alt='' title='Oriol-in'  height=\"500\" width=\"500\"  itemprop=\"thumbnailUrl\" srcset=\"https:\/\/www.jurif.com\/wp-content\/uploads\/2023\/07\/Oriol-in.jpg 500w, https:\/\/www.jurif.com\/wp-content\/uploads\/2023\/07\/Oriol-in-300x300.jpg 300w, https:\/\/www.jurif.com\/wp-content\/uploads\/2023\/07\/Oriol-in-80x80.jpg 80w, https:\/\/www.jurif.com\/wp-content\/uploads\/2023\/07\/Oriol-in-36x36.jpg 36w, https:\/\/www.jurif.com\/wp-content\/uploads\/2023\/07\/Oriol-in-180x180.jpg 180w\" sizes=\"(max-width: 500px) 100vw, 500px\" \/><\/div><\/div><\/div><\/div>\n<\/div><\/div><div class='flex_cell av-e50b0-21f62d58b78184e8fb255c23cfb013fd av-gridrow-cell av_one_third no_margin  avia-builder-el-4  el_after_av_cell_one_third  el_before_av_cell_one_third '  ><div class='flex_cell_inner'><div  class='flex_column av-14gy2s-78e488f6ac37f936aa8ab0c7c6d2a104 av_one_full  avia-builder-el-5  avia-builder-el-no-sibling  first flex_column_div  '     ><p>\n<style type=\"text\/css\" data-created_by=\"avia_inline_auto\" id=\"style-css-av-libssnko-1aaaa08c44c5470160cd2419cf640768\">\n#top .av-special-heading.av-libssnko-1aaaa08c44c5470160cd2419cf640768{\nmargin:0 0 0 0;\npadding-bottom:0;\n}\nbody .av-special-heading.av-libssnko-1aaaa08c44c5470160cd2419cf640768 .av-special-heading-tag .heading-char{\nfont-size:25px;\n}\n#top #wrap_all .av-special-heading.av-libssnko-1aaaa08c44c5470160cd2419cf640768 .av-special-heading-tag{\npadding:0 0 0 0;\n}\n.av-special-heading.av-libssnko-1aaaa08c44c5470160cd2419cf640768 .av-subheading{\nfont-size:15px;\n}\n<\/style>\n<div  class='av-special-heading av-libssnko-1aaaa08c44c5470160cd2419cf640768 av-special-heading-h3  avia-builder-el-6  el_before_av_heading  avia-builder-el-first '><h3 class='av-special-heading-tag '  itemprop=\"headline\"  >Oriol Munn\u00e9 Rama<\/h3><div class=\"special-heading-border\"><div class=\"special-heading-inner-border\"><\/div><\/div><\/div><br \/>\n\n<style type=\"text\/css\" data-created_by=\"avia_inline_auto\" id=\"style-css-av-ymt9g-df63240f36b494c90060bad625be77a1\">\n#top .av-special-heading.av-ymt9g-df63240f36b494c90060bad625be77a1{\nmargin:0 0 0 0;\npadding-bottom:0;\n}\nbody .av-special-heading.av-ymt9g-df63240f36b494c90060bad625be77a1 .av-special-heading-tag .heading-char{\nfont-size:25px;\n}\n#top #wrap_all .av-special-heading.av-ymt9g-df63240f36b494c90060bad625be77a1 .av-special-heading-tag{\npadding:0 0 0 0;\n}\n.av-special-heading.av-ymt9g-df63240f36b494c90060bad625be77a1 .av-subheading{\nfont-size:15px;\n}\n<\/style>\n<div  class='av-special-heading av-ymt9g-df63240f36b494c90060bad625be77a1 av-special-heading-h3 meta-heading  avia-builder-el-7  el_after_av_heading  el_before_av_hr '><h3 class='av-special-heading-tag '  itemprop=\"headline\"  >Socio-Director<\/h3><div class=\"special-heading-border\"><div class=\"special-heading-inner-border\"><\/div><\/div><\/div><br \/>\n\n<style type=\"text\/css\" data-created_by=\"avia_inline_auto\" id=\"style-css-av-oqxj8-64afd6052d01686dd1d01a7df405978f\">\n#top .hr.av-oqxj8-64afd6052d01686dd1d01a7df405978f{\nmargin-top:0px;\nmargin-bottom:0px;\n}\n.hr.av-oqxj8-64afd6052d01686dd1d01a7df405978f .hr-inner{\nwidth:100px;\nborder-color:#881B2C;\n}\n<\/style>\n<div  class='hr av-oqxj8-64afd6052d01686dd1d01a7df405978f hr-custom  avia-builder-el-8  el_after_av_heading  el_before_av_textblock  hr-left hr-icon-no'><span class='hr-inner inner-border-av-border-thin'><span class=\"hr-inner-style\"><\/span><\/span><\/div><br \/>\n<section  class='av_textblock_section av-m2ufg-843b90495bb13ddfb592100ca414979a '   itemscope=\"itemscope\" itemtype=\"https:\/\/schema.org\/CreativeWork\" ><div class='avia_textblock'  itemprop=\"text\" ><p>Abogado y Mediador.<\/p>\n<p>Licenciado en derecho por la Universidad de Barcelona.<\/p>\n<p>Miembro del Ilustre Colegio de Abogados de Barcelona, \u200b\u200bdesde 2002, ha ejercido durante varios a\u00f1os en el Turno de oficio civil.<\/p>\n<p>Miembro de la Comisi\u00f3n de Mediaci\u00f3n del Ilustre Colegio de Abogados de Barcelona.<\/p>\n<p>M\u00e1ster en Asesor\u00eda y Gesti\u00f3n Tributaria por ESADE.<\/p>\n<p>Postgrado en Recursos Humanos por la Universidad Polit\u00e9cnica de Catalu\u00f1a.<\/p>\n<p>Especializado en Mediaci\u00f3n Civil por la Universidad Oberta de Catalunya.<\/p>\n<p>Instructor de Mindfulness certificado por el Instituto ESMindfulness.<\/p>\n<\/div><\/section><\/p><\/div>\n<\/div><\/div><div class='flex_cell av-7srhg-f73ea00317a43cfe28d9aa821bbcb15c av-gridrow-cell av_one_third no_margin  avia-builder-el-10  el_after_av_cell_one_third  avia-builder-el-last '  ><div class='flex_cell_inner'><div  class='flex_column av-fnq7o-07924e79e0f663dadcd37c4938f5e046 av_one_full  avia-builder-el-11  avia-builder-el-no-sibling  first flex_column_div  '     ><p>\n<style type=\"text\/css\" data-created_by=\"avia_inline_auto\" id=\"style-css-av-aa17w-736b13c933296ceac367356b5ad4f20e\">\n#top .hr.hr-invisible.av-aa17w-736b13c933296ceac367356b5ad4f20e{\nheight:75px;\n}\n<\/style>\n<div  class='hr av-aa17w-736b13c933296ceac367356b5ad4f20e hr-invisible  avia-builder-el-12  el_before_av_textblock  avia-builder-el-first '><span class='hr-inner '><span class=\"hr-inner-style\"><\/span><\/span><\/div><br \/>\n<section  class='av_textblock_section av-libssdqq-320982c495fb6b49dfea21d532b0fe3a '   itemscope=\"itemscope\" itemtype=\"https:\/\/schema.org\/CreativeWork\" ><div class='avia_textblock'  itemprop=\"text\" ><p>Con la idea de ofrecer un asesoramiento integral a sus clientes, Oriol Munn\u00e9, ha ido desarrollando y ampliando su carrera profesional en los \u00e1mbitos de derecho civil y mercantil, derecho inmobiliario, derecho fiscal y laboral, asesorando y defendiendo los intereses de sus clientes.<\/p>\n<p>Ha sido profesor de Derecho Mercantil y Derecho Laboral para distintas C\u00e1maras de Comercio.<\/p>\n<p>Actualmente como abogado est\u00e1 especializado en derecho inmobiliario y derecho sucesorio, \u00e1reas en las que su valoraci\u00f3n en derecho fiscal le permite dar un servicio completo sin necesidad de contar con otros profesionales. Adem\u00e1s, dirige el equipo de consultor\u00eda fiscal y laboral del despacho.<\/p>\n<p>Como mediador facilita y ayuda a las partes en conflicto a llegar a un acuerdo por s\u00ed mismos sin necesidad de la intervenci\u00f3n de un juez y \u00e1rbitro, considerando esta v\u00eda la mejor v\u00eda para resolver los conflictos, y con la especialidad de hacerlo mediante t\u00e9cnicas de mindfulness.<\/p>\n<\/div><\/section><\/p><\/div>\n<\/div><\/div><\/div>\n","protected":false},"excerpt":{"rendered":"","protected":false},"author":3,"featured_media":0,"parent":0,"menu_order":0,"comment_status":"closed","ping_status":"closed","template":"","meta":{"footnotes":""},"class_list":["post-714","page","type-page","status-publish","hentry"],"yoast_head":"<!-- This site is optimized with the Yoast SEO plugin v26.0 - https:\/\/yoast.com\/wordpress\/plugins\/seo\/ -->\n<title>Oriol Munne: Experiencia legal - Jurif Advocats Consultors<\/title>\n<meta name=\"description\" content=\"Explora la trayectoria profesional y las \u00e1reas de especializaci\u00f3n de Oriol Munne, abogado en derecho civil.\" \/>\n<meta name=\"robots\" content=\"index, follow, max-snippet:-1, max-image-preview:large, max-video-preview:-1\" \/>\n<link rel=\"canonical\" href=\"https:\/\/www.jurif.com\/es\/oriol-munne-rama\/\" \/>\n<meta property=\"og:locale\" content=\"es_ES\" \/>\n<meta property=\"og:type\" content=\"article\" \/>\n<meta property=\"og:title\" content=\"Oriol Munne: Experiencia legal - Jurif Advocats Consultors\" \/>\n<meta property=\"og:description\" content=\"Explora la trayectoria profesional y las \u00e1reas de especializaci\u00f3n de Oriol Munne, abogado en derecho civil.\" \/>\n<meta property=\"og:url\" content=\"https:\/\/www.jurif.com\/es\/oriol-munne-rama\/\" \/>\n<meta property=\"og:site_name\" content=\"Jurif Advocats Consultors\" \/>\n<meta property=\"article:modified_time\" content=\"2024-07-10T10:18:45+00:00\" \/>\n<meta name=\"twitter:card\" content=\"summary_large_image\" \/>\n<meta name=\"twitter:label1\" content=\"Tiempo de lectura\" \/>\n\t<meta name=\"twitter:data1\" content=\"2 minutos\" \/>\n<script type=\"application\/ld+json\" class=\"yoast-schema-graph\">{\"@context\":\"https:\/\/schema.org\",\"@graph\":[{\"@type\":\"WebPage\",\"@id\":\"https:\/\/www.jurif.com\/es\/oriol-munne-rama\/\",\"url\":\"https:\/\/www.jurif.com\/es\/oriol-munne-rama\/\",\"name\":\"Oriol Munne: Experiencia legal - Jurif Advocats Consultors\",\"isPartOf\":{\"@id\":\"https:\/\/www.jurif.com\/#website\"},\"datePublished\":\"2023-07-06T10:37:42+00:00\",\"dateModified\":\"2024-07-10T10:18:45+00:00\",\"description\":\"Explora la trayectoria profesional y las \u00e1reas de especializaci\u00f3n de Oriol Munne, abogado en derecho civil.\",\"breadcrumb\":{\"@id\":\"https:\/\/www.jurif.com\/es\/oriol-munne-rama\/#breadcrumb\"},\"inLanguage\":\"es\",\"potentialAction\":[{\"@type\":\"ReadAction\",\"target\":[\"https:\/\/www.jurif.com\/es\/oriol-munne-rama\/\"]}]},{\"@type\":\"BreadcrumbList\",\"@id\":\"https:\/\/www.jurif.com\/es\/oriol-munne-rama\/#breadcrumb\",\"itemListElement\":[{\"@type\":\"ListItem\",\"position\":1,\"name\":\"Inici\",\"item\":\"https:\/\/www.jurif.com\/es\/servicios\/\"},{\"@type\":\"ListItem\",\"position\":2,\"name\":\"Oriol Munn\u00e9 Rama\"}]},{\"@type\":\"WebSite\",\"@id\":\"https:\/\/www.jurif.com\/#website\",\"url\":\"https:\/\/www.jurif.com\/\",\"name\":\"Jurif Advocats Consultors\",\"description\":\"Advocats, , consultors tributaris i laborals, gestio i assessorament  patrimonial\",\"potentialAction\":[{\"@type\":\"SearchAction\",\"target\":{\"@type\":\"EntryPoint\",\"urlTemplate\":\"https:\/\/www.jurif.com\/?s={search_term_string}\"},\"query-input\":{\"@type\":\"PropertyValueSpecification\",\"valueRequired\":true,\"valueName\":\"search_term_string\"}}],\"inLanguage\":\"es\"}]}<\/script>\n<!-- \/ Yoast SEO plugin. -->","yoast_head_json":{"title":"Oriol Munne: Experiencia legal - Jurif Advocats Consultors","description":"Explora la trayectoria profesional y las \u00e1reas de especializaci\u00f3n de Oriol Munne, abogado en derecho civil.","robots":{"index":"index","follow":"follow","max-snippet":"max-snippet:-1","max-image-preview":"max-image-preview:large","max-video-preview":"max-video-preview:-1"},"canonical":"https:\/\/www.jurif.com\/es\/oriol-munne-rama\/","og_locale":"es_ES","og_type":"article","og_title":"Oriol Munne: Experiencia legal - Jurif Advocats Consultors","og_description":"Explora la trayectoria profesional y las \u00e1reas de especializaci\u00f3n de Oriol Munne, abogado en derecho civil.","og_url":"https:\/\/www.jurif.com\/es\/oriol-munne-rama\/","og_site_name":"Jurif Advocats Consultors","article_modified_time":"2024-07-10T10:18:45+00:00","twitter_card":"summary_large_image","twitter_misc":{"Tiempo de lectura":"2 minutos"},"schema":{"@context":"https:\/\/schema.org","@graph":[{"@type":"WebPage","@id":"https:\/\/www.jurif.com\/es\/oriol-munne-rama\/","url":"https:\/\/www.jurif.com\/es\/oriol-munne-rama\/","name":"Oriol Munne: Experiencia legal - Jurif Advocats Consultors","isPartOf":{"@id":"https:\/\/www.jurif.com\/#website"},"datePublished":"2023-07-06T10:37:42+00:00","dateModified":"2024-07-10T10:18:45+00:00","description":"Explora la trayectoria profesional y las \u00e1reas de especializaci\u00f3n de Oriol Munne, abogado en derecho civil.","breadcrumb":{"@id":"https:\/\/www.jurif.com\/es\/oriol-munne-rama\/#breadcrumb"},"inLanguage":"es","potentialAction":[{"@type":"ReadAction","target":["https:\/\/www.jurif.com\/es\/oriol-munne-rama\/"]}]},{"@type":"BreadcrumbList","@id":"https:\/\/www.jurif.com\/es\/oriol-munne-rama\/#breadcrumb","itemListElement":[{"@type":"ListItem","position":1,"name":"Inici","item":"https:\/\/www.jurif.com\/es\/servicios\/"},{"@type":"ListItem","position":2,"name":"Oriol Munn\u00e9 Rama"}]},{"@type":"WebSite","@id":"https:\/\/www.jurif.com\/#website","url":"https:\/\/www.jurif.com\/","name":"Jurif Advocats Consultors","description":"Advocats, , consultors tributaris i laborals, gestio i assessorament  patrimonial","potentialAction":[{"@type":"SearchAction","target":{"@type":"EntryPoint","urlTemplate":"https:\/\/www.jurif.com\/?s={search_term_string}"},"query-input":{"@type":"PropertyValueSpecification","valueRequired":true,"valueName":"search_term_string"}}],"inLanguage":"es"}]}},"_links":{"self":[{"href":"https:\/\/www.jurif.com\/es\/wp-json\/wp\/v2\/pages\/714","targetHints":{"allow":["GET"]}}],"collection":[{"href":"https:\/\/www.jurif.com\/es\/wp-json\/wp\/v2\/pages"}],"about":[{"href":"https:\/\/www.jurif.com\/es\/wp-json\/wp\/v2\/types\/page"}],"author":[{"embeddable":true,"href":"https:\/\/www.jurif.com\/es\/wp-json\/wp\/v2\/users\/3"}],"replies":[{"embeddable":true,"href":"https:\/\/www.jurif.com\/es\/wp-json\/wp\/v2\/comments?post=714"}],"version-history":[{"count":3,"href":"https:\/\/www.jurif.com\/es\/wp-json\/wp\/v2\/pages\/714\/revisions"}],"predecessor-version":[{"id":1570,"href":"https:\/\/www.jurif.com\/es\/wp-json\/wp\/v2\/pages\/714\/revisions\/1570"}],"wp:attachment":[{"href":"https:\/\/www.jurif.com\/es\/wp-json\/wp\/v2\/media?parent=714"}],"curies":[{"name":"wp","href":"https:\/\/api.w.org\/{rel}","templated":true}]}}