{"id":788,"date":"2023-07-10T07:59:44","date_gmt":"2023-07-10T07:59:44","guid":{"rendered":"https:\/\/www.jurif.com\/servicios\/gestion-y-asesoramiento-patrimonial\/"},"modified":"2024-07-10T12:02:13","modified_gmt":"2024-07-10T10:02:13","slug":"gestion-y-asesoramiento-patrimonial","status":"publish","type":"page","link":"https:\/\/www.jurif.com\/es\/servicios\/gestion-y-asesoramiento-patrimonial\/","title":{"rendered":"Gesti\u00f3n y asesoramiento patrimonial"},"content":{"rendered":"<div   class='avia-fullscreen-slider main_color   avia-builder-el-0  el_before_av_one_half  avia-builder-el-first  container_wrap fullsize'  >\n<style type=\"text\/css\" data-created_by=\"avia_inline_auto\" id=\"style-css-av-libmloq8-2ace7bdebc5fba7ccf7fd00d3d009d01\">\n#top #wrap_all .avia-slideshow .av-slideshow-caption.av-libmloq8-2ace7bdebc5fba7ccf7fd00d3d009d01__0 .avia-caption-title{\ncolor:#ffffff;\n}\n\n@media only screen and (max-width: 479px){ \n#top #wrap_all .avia-slideshow .av-slideshow-caption.av-libmloq8-2ace7bdebc5fba7ccf7fd00d3d009d01__0 .avia-caption-title{\nfont-size:35px;\n}\n#top .avia-slideshow .av-slideshow-caption.av-libmloq8-2ace7bdebc5fba7ccf7fd00d3d009d01__0 .avia-caption-content{\nfont-size:20px;\n}\n#top .avia-slideshow .av-slideshow-caption.av-libmloq8-2ace7bdebc5fba7ccf7fd00d3d009d01__0 .avia-caption-content p{\nfont-size:20px;\n}\n}\n<\/style>\n<a href='#next-section' title='' class='scroll-down-link av-control-default avia-svg-icon avia-font-svg_entypo-fontello' data-av_svg_icon='down-open-mini' data-av_iconset='svg_entypo-fontello'><svg version=\"1.1\" xmlns=\"http:\/\/www.w3.org\/2000\/svg\" width=\"15\" height=\"32\" viewBox=\"0 0 15 32\" preserveAspectRatio=\"xMidYMid meet\" aria-labelledby='av-svg-title-1' aria-describedby='av-svg-desc-1' role=\"graphics-symbol\" aria-hidden=\"true\">\n<title id='av-svg-title-1'>Scroll to next section<\/title>\n<desc id='av-svg-desc-1'>Scroll to next section<\/desc>\n<path d=\"M12.96 12.16q0.704-0.832 1.536 0 0.832 0.704 0 1.536l-6.272 6.144q-0.704 0.704-1.536 0l-6.272-6.144q-0.832-0.832 0-1.536 0.768-0.768 1.6 0l5.44 4.992z\"><\/path>\n<\/svg><\/a><div  class='avia-slideshow av-libmloq8-2ace7bdebc5fba7ccf7fd00d3d009d01 avia-slideshow-extra_large av_fullscreen avia-slide-slider av-slideshow-ui av-control-default av-slideshow-manual av-loop-once av-loop-manual-endless av-slider-scroll-down-active av-default-height-applied   avia-slideshow-1' data-slideshow-options=\"{&quot;animation&quot;:&quot;slide&quot;,&quot;autoplay&quot;:false,&quot;loop_autoplay&quot;:&quot;once&quot;,&quot;interval&quot;:5,&quot;loop_manual&quot;:&quot;manual-endless&quot;,&quot;autoplay_stopper&quot;:false,&quot;noNavigation&quot;:false,&quot;bg_slider&quot;:true,&quot;keep_padding&quot;:false,&quot;hoverpause&quot;:false,&quot;show_slide_delay&quot;:0,&quot;slide_height&quot;:&quot;100&quot;,&quot;image_attachment&quot;:&quot;&quot;}\"  itemprop=\"image\" itemscope=\"itemscope\" itemtype=\"https:\/\/schema.org\/ImageObject\" ><ul class='avia-slideshow-inner ' style='padding-bottom: 177.72511848341%;'><li style='background-position:center center;' data-img-url='https:\/\/www.jurif.com\/wp-content\/uploads\/2023\/04\/jurif-gestio-patrimonial-844x1500.jpg' class='avia-slideshow-slide av-libmloq8-2ace7bdebc5fba7ccf7fd00d3d009d01__0  av-single-slide slide-1 slide-odd'><div data-rel='slideshow-1' class='avia-slide-wrap '   ><div class='av-slideshow-caption av-libmloq8-2ace7bdebc5fba7ccf7fd00d3d009d01__0 caption_fullwidth caption_left'><div class=\"container caption_container\"><div class=\"slideshow_caption\"><div class=\"slideshow_inner_caption\"><div class=\"slideshow_align_caption\"><h2 class='avia-caption-title '  itemprop=\"name\" >GESTI\u00d3N Y ASESORAMIENTO PATRIMONIAL<\/h2><div class='avia-caption-content av_inherit_color'  itemprop=\"description\" ><p>Nos dirigimos a propietarios, family office, inversores y arrendatarios, ofreci\u00e9ndoles gestionar su patrimonio inmobiliario, asesor\u00e1ndoles en las operaciones de compraventa, la gesti\u00f3n de los alquileres de sus propiedades, as\u00ed como la sucesi\u00f3n familiar.<\/p>\n<\/div><\/div><\/div><\/div><\/div><\/div><div class='av-section-color-overlay' style='opacity: 0.6; background-color: #0a0a0a; '><\/div><\/div><\/li><\/ul><\/div><\/div><div id='after_full_slider_1'  class='main_color av_default_container_wrap container_wrap fullsize'  ><div class='container av-section-cont-open' ><div class='template-page content  av-content-full alpha units'><div class='post-entry post-entry-type-page post-entry-788'><div class='entry-content-wrapper clearfix'>\n<div  class='flex_column av-dv7xbk-28f55f89670e906287cbd95d8989287b av_one_half  avia-builder-el-1  el_after_av_fullscreen  el_before_av_one_half  avia-builder-el-first  first flex_column_div  '     ><section  class='av_textblock_section av-libmlwgz-29cec5d26f173aa056dc9628986d8188 '   itemscope=\"itemscope\" itemtype=\"https:\/\/schema.org\/CreativeWork\" ><div class='avia_textblock'  itemprop=\"text\" ><blockquote>\n<p>Contamos con una amplia red de colaboradores especializados en diferentes \u00e1reas (agentes comerciales, industriales, arquitectos, ingenieros, peritos), para que la gesti\u00f3n de su patrimonio sea eficiente y profesional.<\/p>\n<\/blockquote>\n<\/div><\/section><\/div>\n<div  class='flex_column av-dlmp2w-2a6fe2d5fe5795081dbc01d41fed8cdf av_one_half  avia-builder-el-3  el_after_av_one_half  el_before_av_one_half  flex_column_div  '     ><\/div>\n<div  class='flex_column av-djxkgo-6b5d3ec0ed9ea28c527f472c0d57461e av_one_half  avia-builder-el-4  el_after_av_one_half  el_before_av_one_half  first flex_column_div  column-top-margin'     ><p>\n<style type=\"text\/css\" data-created_by=\"avia_inline_auto\" id=\"style-css-av-libmn7a9-ba7bf5224cc1289df67f431fb994d3ef\">\n#top .av-special-heading.av-libmn7a9-ba7bf5224cc1289df67f431fb994d3ef{\npadding-bottom:10px;\n}\nbody .av-special-heading.av-libmn7a9-ba7bf5224cc1289df67f431fb994d3ef .av-special-heading-tag .heading-char{\nfont-size:25px;\n}\n.av-special-heading.av-libmn7a9-ba7bf5224cc1289df67f431fb994d3ef .av-subheading{\nfont-size:15px;\n}\n<\/style>\n<div  class='av-special-heading av-libmn7a9-ba7bf5224cc1289df67f431fb994d3ef av-special-heading-h3  avia-builder-el-5  el_before_av_hr  avia-builder-el-first '><h3 class='av-special-heading-tag '  itemprop=\"headline\"  >En concreto:<\/h3><div class=\"special-heading-border\"><div class=\"special-heading-inner-border\"><\/div><\/div><\/div><br \/>\n\n<style type=\"text\/css\" data-created_by=\"avia_inline_auto\" id=\"style-css-av-6uyk0-c23e5e5f136e9f3413696d2eea795d55\">\n#top .hr.av-6uyk0-c23e5e5f136e9f3413696d2eea795d55{\nmargin-top:0px;\nmargin-bottom:10px;\n}\n.hr.av-6uyk0-c23e5e5f136e9f3413696d2eea795d55 .hr-inner{\nwidth:100px;\nborder-color:#881B2C;\n}\n<\/style>\n<div  class='hr av-6uyk0-c23e5e5f136e9f3413696d2eea795d55 hr-custom  avia-builder-el-6  el_after_av_heading  el_before_av_textblock  hr-left hr-icon-no'><span class='hr-inner inner-border-av-border-thin'><span class=\"hr-inner-style\"><\/span><\/span><\/div><br \/>\n<section  class='av_textblock_section av-libmmuem-f6f7ecb912df9f26acb1851c62722b0b '   itemscope=\"itemscope\" itemtype=\"https:\/\/schema.org\/CreativeWork\" ><div class='avia_textblock'  itemprop=\"text\" ><p>Gestionamos los alquileres de sus propiedades, buscando un inquilino \u00f3ptimo, redactando el contrato de alquiler, tramitando la fianza legal y el modelo 600 de\u00a0<span class=\"hiddenSpellError\">ITPiAJD<\/span>, tramitamos los cambios de suministros, gestionamos el cobro del alquiler y liquidamos el estado de cuentas mensualmente y lo m\u00e1s relevante por su tranquilidad, mantenemos la interlocuci\u00f3n con el inquilino desde el inicio de la relaci\u00f3n contractual hasta su fin, evitando a nuestro cliente situaciones\u00a0y\u00a0decisiones\u00a0inc\u00f3modas.<\/p>\n<\/div><\/section><\/p><\/div><div  class='flex_column av-ddhefs-1995af2f695856521cb970813e2eed25 av_one_half  avia-builder-el-8  el_after_av_one_half  el_before_av_layout_row  avia-builder-el-last  flex_column_div  column-top-margin'     ><p>\n<style type=\"text\/css\" data-created_by=\"avia_inline_auto\" id=\"style-css-av-libmnmtj-e7f29ac28dcc79cb29193df13ee143f5\">\n#top .av-special-heading.av-libmnmtj-e7f29ac28dcc79cb29193df13ee143f5{\npadding-bottom:10px;\n}\nbody .av-special-heading.av-libmnmtj-e7f29ac28dcc79cb29193df13ee143f5 .av-special-heading-tag .heading-char{\nfont-size:25px;\n}\n.av-special-heading.av-libmnmtj-e7f29ac28dcc79cb29193df13ee143f5 .av-subheading{\nfont-size:15px;\n}\n<\/style>\n<div  class='av-special-heading av-libmnmtj-e7f29ac28dcc79cb29193df13ee143f5 av-special-heading-h3  avia-builder-el-9  el_before_av_hr  avia-builder-el-first '><h3 class='av-special-heading-tag '  itemprop=\"headline\"  >Tambi\u00e9n:<\/h3><div class=\"special-heading-border\"><div class=\"special-heading-inner-border\"><\/div><\/div><\/div><br \/>\n\n<style type=\"text\/css\" data-created_by=\"avia_inline_auto\" id=\"style-css-av-ciqz4-6b94d94673eb15c8ea057aad26331101\">\n#top .hr.av-ciqz4-6b94d94673eb15c8ea057aad26331101{\nmargin-top:0px;\nmargin-bottom:10px;\n}\n.hr.av-ciqz4-6b94d94673eb15c8ea057aad26331101 .hr-inner{\nwidth:100px;\nborder-color:#881B2C;\n}\n<\/style>\n<div  class='hr av-ciqz4-6b94d94673eb15c8ea057aad26331101 hr-custom  avia-builder-el-10  el_after_av_heading  el_before_av_textblock  hr-left hr-icon-no'><span class='hr-inner inner-border-av-border-thin'><span class=\"hr-inner-style\"><\/span><\/span><\/div><br \/>\n<section  class='av_textblock_section av-libmmain-536d9ca0e54f180543fb1dce1f15390e '   itemscope=\"itemscope\" itemtype=\"https:\/\/schema.org\/CreativeWork\" ><div class='avia_textblock'  itemprop=\"text\" ><p>Estudiamos y optimizamos fiscalmente las operaciones inmobiliarias.<\/p>\n<p>Negociamos, redactamos y revisamos todo tipo de contratos inmobiliarios (compraventa, alquiler, permuta, etc)<\/p>\n<p>Revisamos que cumpla con toda la normativa de derecho inmobiliario que le pueda afectar.<\/p>\n<p>Tramitamos licencias, c\u00e9dulas de habitabilidad, inspecciones t\u00e9cnicas de edificios, etc.<\/p>\n<\/div><\/section><\/p><\/div><\/p>\n<\/div><\/div><\/div><!-- close content main div --><\/div><\/div><div id='footer-seccions'  class='av-layout-grid-container av-7pmq0-81904487df5efc49c9b16906f39d7f34 entry-content-wrapper main_color av-flex-cells  avia-builder-el-12  el_after_av_one_half  avia-builder-el-last  grid-row-not-first  container_wrap fullsize'  >\n\n<style type=\"text\/css\" data-created_by=\"avia_inline_auto\" id=\"style-css-av-libmvant-be42e57e8fa7bd3d86c0352ef8f63236\">\n.flex_cell.av-libmvant-be42e57e8fa7bd3d86c0352ef8f63236{\nvertical-align:middle;\nbackground:url(https:\/\/www.jurif.com\/wp-content\/uploads\/2023\/04\/jurif-advocats-1030x687.jpg) 50% 50% no-repeat scroll #000000;\n}\n<\/style>\n<div class='flex_cell av-libmvant-be42e57e8fa7bd3d86c0352ef8f63236 av-gridrow-cell av_one_half no_margin  avia-builder-el-13  el_before_av_cell_one_half  avia-builder-el-first  content-align-middle'  ><div class='flex_cell_inner'><p>\n<style type=\"text\/css\" data-created_by=\"avia_inline_auto\" id=\"style-css-av-bpbk8-fe8c50c9edbccd4ae5939ddd1a235b96\">\n#top .av-special-heading.av-bpbk8-fe8c50c9edbccd4ae5939ddd1a235b96{\nmargin:20px 0 0 0;\npadding-bottom:10px;\n}\nbody .av-special-heading.av-bpbk8-fe8c50c9edbccd4ae5939ddd1a235b96 .av-special-heading-tag .heading-char{\nfont-size:25px;\n}\n.av-special-heading.av-bpbk8-fe8c50c9edbccd4ae5939ddd1a235b96 .av-subheading{\nfont-size:15px;\n}\n<\/style>\n<div  class='av-special-heading av-bpbk8-fe8c50c9edbccd4ae5939ddd1a235b96 av-special-heading-h3 blockquote modern-quote modern-centered  avia-builder-el-14  el_before_av_textblock  avia-builder-el-first '><h3 class='av-special-heading-tag '  itemprop=\"headline\"  >ABOGADOS<\/h3><div class=\"special-heading-border\"><div class=\"special-heading-inner-border\"><\/div><\/div><\/div><br \/>\n<section  class='av_textblock_section av-aoempk-690fd1cac9aea09384d6dacbde733841 '   itemscope=\"itemscope\" itemtype=\"https:\/\/schema.org\/CreativeWork\" ><div class='avia_textblock'  itemprop=\"text\" ><p style=\"text-align: center;\">[ <a href=\"\/es\/servicios\/abogados\/\">SABER M\u00c1S<\/a> ]<\/p>\n<\/div><\/section><\/p>\n<\/div><\/div>\n<style type=\"text\/css\" data-created_by=\"avia_inline_auto\" id=\"style-css-av-libmw8uo-8d763de502ae141feac1992925901b88\">\n.flex_cell.av-libmw8uo-8d763de502ae141feac1992925901b88{\nvertical-align:top;\nbackground:url(https:\/\/www.jurif.com\/wp-content\/uploads\/2023\/07\/Consultors-tributaris-1030x688.jpg) 50% 50% no-repeat scroll ;\n}\n<\/style>\n<div class='flex_cell av-libmw8uo-8d763de502ae141feac1992925901b88 av-gridrow-cell av_one_half no_margin  avia-builder-el-16  el_after_av_cell_one_half  avia-builder-el-last  content-align-top'  ><div class='flex_cell_inner'><p>\n<style type=\"text\/css\" data-created_by=\"avia_inline_auto\" id=\"style-css-av-axzwhs-208a593fd091953bf06579490610ef71\">\n#top .av-special-heading.av-axzwhs-208a593fd091953bf06579490610ef71{\nmargin:20px 0 0 0;\npadding-bottom:10px;\n}\nbody .av-special-heading.av-axzwhs-208a593fd091953bf06579490610ef71 .av-special-heading-tag .heading-char{\nfont-size:25px;\n}\n.av-special-heading.av-axzwhs-208a593fd091953bf06579490610ef71 .av-subheading{\nfont-size:15px;\n}\n<\/style>\n<div  class='av-special-heading av-axzwhs-208a593fd091953bf06579490610ef71 av-special-heading-h3 blockquote modern-quote modern-centered  avia-builder-el-17  el_before_av_textblock  avia-builder-el-first '><h3 class='av-special-heading-tag '  itemprop=\"headline\"  >CONSULTORES TRIBUTARIOS Y LABORALES<\/h3><div class=\"special-heading-border\"><div class=\"special-heading-inner-border\"><\/div><\/div><\/div><br \/>\n<section  class='av_textblock_section av-libn65c4-2a1b944ea95a7b1f977f00f9e88aa907 '   itemscope=\"itemscope\" itemtype=\"https:\/\/schema.org\/CreativeWork\" ><div class='avia_textblock'  itemprop=\"text\" ><p style=\"text-align: center;\">[ <a href=\"\/es\/servicios\/consultores-tributarios-y-laborales\/\">SABER M\u00c1S<\/a> ]<\/p>\n<\/div><\/section><\/p>\n<\/div><\/div>\n<\/div>\n","protected":false},"excerpt":{"rendered":"","protected":false},"author":3,"featured_media":0,"parent":720,"menu_order":0,"comment_status":"closed","ping_status":"closed","template":"","meta":{"footnotes":""},"class_list":["post-788","page","type-page","status-publish","hentry"],"yoast_head":"<!-- This site is optimized with the Yoast SEO plugin v26.0 - https:\/\/yoast.com\/wordpress\/plugins\/seo\/ -->\n<title>Gesti\u00f3n y asesoramiento patrimonial - Jurif Advocats Consultors<\/title>\n<meta name=\"description\" content=\"Servicios de gesti\u00f3n y asesoramiento patrimonial para maximizar el rendimiento de tus activos.\" \/>\n<meta name=\"robots\" content=\"index, follow, max-snippet:-1, max-image-preview:large, max-video-preview:-1\" \/>\n<link rel=\"canonical\" href=\"https:\/\/www.jurif.com\/es\/servicios\/gestion-y-asesoramiento-patrimonial\/\" \/>\n<meta property=\"og:locale\" content=\"es_ES\" \/>\n<meta property=\"og:type\" content=\"article\" \/>\n<meta property=\"og:title\" content=\"Gesti\u00f3n y asesoramiento patrimonial - Jurif Advocats Consultors\" \/>\n<meta property=\"og:description\" content=\"Servicios de gesti\u00f3n y asesoramiento patrimonial para maximizar el rendimiento de tus activos.\" \/>\n<meta property=\"og:url\" content=\"https:\/\/www.jurif.com\/es\/servicios\/gestion-y-asesoramiento-patrimonial\/\" \/>\n<meta property=\"og:site_name\" content=\"Jurif Advocats Consultors\" \/>\n<meta property=\"article:modified_time\" content=\"2024-07-10T10:02:13+00:00\" \/>\n<meta name=\"twitter:card\" content=\"summary_large_image\" \/>\n<meta name=\"twitter:label1\" content=\"Tiempo de lectura\" \/>\n\t<meta name=\"twitter:data1\" content=\"1 minuto\" \/>\n<script type=\"application\/ld+json\" class=\"yoast-schema-graph\">{\"@context\":\"https:\/\/schema.org\",\"@graph\":[{\"@type\":\"WebPage\",\"@id\":\"https:\/\/www.jurif.com\/es\/servicios\/gestion-y-asesoramiento-patrimonial\/\",\"url\":\"https:\/\/www.jurif.com\/es\/servicios\/gestion-y-asesoramiento-patrimonial\/\",\"name\":\"Gesti\u00f3n y asesoramiento patrimonial - Jurif Advocats Consultors\",\"isPartOf\":{\"@id\":\"https:\/\/www.jurif.com\/#website\"},\"datePublished\":\"2023-07-10T07:59:44+00:00\",\"dateModified\":\"2024-07-10T10:02:13+00:00\",\"description\":\"Servicios de gesti\u00f3n y asesoramiento patrimonial para maximizar el rendimiento de tus activos.\",\"breadcrumb\":{\"@id\":\"https:\/\/www.jurif.com\/es\/servicios\/gestion-y-asesoramiento-patrimonial\/#breadcrumb\"},\"inLanguage\":\"es\",\"potentialAction\":[{\"@type\":\"ReadAction\",\"target\":[\"https:\/\/www.jurif.com\/es\/servicios\/gestion-y-asesoramiento-patrimonial\/\"]}]},{\"@type\":\"BreadcrumbList\",\"@id\":\"https:\/\/www.jurif.com\/es\/servicios\/gestion-y-asesoramiento-patrimonial\/#breadcrumb\",\"itemListElement\":[{\"@type\":\"ListItem\",\"position\":1,\"name\":\"Inici\",\"item\":\"https:\/\/www.jurif.com\/es\/servicios\/\"},{\"@type\":\"ListItem\",\"position\":2,\"name\":\"Inicio\",\"item\":\"https:\/\/www.jurif.com\/es\/servicios\/\"},{\"@type\":\"ListItem\",\"position\":3,\"name\":\"Gesti\u00f3n y asesoramiento patrimonial\"}]},{\"@type\":\"WebSite\",\"@id\":\"https:\/\/www.jurif.com\/#website\",\"url\":\"https:\/\/www.jurif.com\/\",\"name\":\"Jurif Advocats Consultors\",\"description\":\"Advocats, , consultors tributaris i laborals, gestio i assessorament  patrimonial\",\"potentialAction\":[{\"@type\":\"SearchAction\",\"target\":{\"@type\":\"EntryPoint\",\"urlTemplate\":\"https:\/\/www.jurif.com\/?s={search_term_string}\"},\"query-input\":{\"@type\":\"PropertyValueSpecification\",\"valueRequired\":true,\"valueName\":\"search_term_string\"}}],\"inLanguage\":\"es\"}]}<\/script>\n<!-- \/ Yoast SEO plugin. -->","yoast_head_json":{"title":"Gesti\u00f3n y asesoramiento patrimonial - Jurif Advocats Consultors","description":"Servicios de gesti\u00f3n y asesoramiento patrimonial para maximizar el rendimiento de tus activos.","robots":{"index":"index","follow":"follow","max-snippet":"max-snippet:-1","max-image-preview":"max-image-preview:large","max-video-preview":"max-video-preview:-1"},"canonical":"https:\/\/www.jurif.com\/es\/servicios\/gestion-y-asesoramiento-patrimonial\/","og_locale":"es_ES","og_type":"article","og_title":"Gesti\u00f3n y asesoramiento patrimonial - Jurif Advocats Consultors","og_description":"Servicios de gesti\u00f3n y asesoramiento patrimonial para maximizar el rendimiento de tus activos.","og_url":"https:\/\/www.jurif.com\/es\/servicios\/gestion-y-asesoramiento-patrimonial\/","og_site_name":"Jurif Advocats Consultors","article_modified_time":"2024-07-10T10:02:13+00:00","twitter_card":"summary_large_image","twitter_misc":{"Tiempo de lectura":"1 minuto"},"schema":{"@context":"https:\/\/schema.org","@graph":[{"@type":"WebPage","@id":"https:\/\/www.jurif.com\/es\/servicios\/gestion-y-asesoramiento-patrimonial\/","url":"https:\/\/www.jurif.com\/es\/servicios\/gestion-y-asesoramiento-patrimonial\/","name":"Gesti\u00f3n y asesoramiento patrimonial - Jurif Advocats Consultors","isPartOf":{"@id":"https:\/\/www.jurif.com\/#website"},"datePublished":"2023-07-10T07:59:44+00:00","dateModified":"2024-07-10T10:02:13+00:00","description":"Servicios de gesti\u00f3n y asesoramiento patrimonial para maximizar el rendimiento de tus activos.","breadcrumb":{"@id":"https:\/\/www.jurif.com\/es\/servicios\/gestion-y-asesoramiento-patrimonial\/#breadcrumb"},"inLanguage":"es","potentialAction":[{"@type":"ReadAction","target":["https:\/\/www.jurif.com\/es\/servicios\/gestion-y-asesoramiento-patrimonial\/"]}]},{"@type":"BreadcrumbList","@id":"https:\/\/www.jurif.com\/es\/servicios\/gestion-y-asesoramiento-patrimonial\/#breadcrumb","itemListElement":[{"@type":"ListItem","position":1,"name":"Inici","item":"https:\/\/www.jurif.com\/es\/servicios\/"},{"@type":"ListItem","position":2,"name":"Inicio","item":"https:\/\/www.jurif.com\/es\/servicios\/"},{"@type":"ListItem","position":3,"name":"Gesti\u00f3n y asesoramiento patrimonial"}]},{"@type":"WebSite","@id":"https:\/\/www.jurif.com\/#website","url":"https:\/\/www.jurif.com\/","name":"Jurif Advocats Consultors","description":"Advocats, , consultors tributaris i laborals, gestio i assessorament  patrimonial","potentialAction":[{"@type":"SearchAction","target":{"@type":"EntryPoint","urlTemplate":"https:\/\/www.jurif.com\/?s={search_term_string}"},"query-input":{"@type":"PropertyValueSpecification","valueRequired":true,"valueName":"search_term_string"}}],"inLanguage":"es"}]}},"_links":{"self":[{"href":"https:\/\/www.jurif.com\/es\/wp-json\/wp\/v2\/pages\/788","targetHints":{"allow":["GET"]}}],"collection":[{"href":"https:\/\/www.jurif.com\/es\/wp-json\/wp\/v2\/pages"}],"about":[{"href":"https:\/\/www.jurif.com\/es\/wp-json\/wp\/v2\/types\/page"}],"author":[{"embeddable":true,"href":"https:\/\/www.jurif.com\/es\/wp-json\/wp\/v2\/users\/3"}],"replies":[{"embeddable":true,"href":"https:\/\/www.jurif.com\/es\/wp-json\/wp\/v2\/comments?post=788"}],"version-history":[{"count":5,"href":"https:\/\/www.jurif.com\/es\/wp-json\/wp\/v2\/pages\/788\/revisions"}],"predecessor-version":[{"id":826,"href":"https:\/\/www.jurif.com\/es\/wp-json\/wp\/v2\/pages\/788\/revisions\/826"}],"up":[{"embeddable":true,"href":"https:\/\/www.jurif.com\/es\/wp-json\/wp\/v2\/pages\/720"}],"wp:attachment":[{"href":"https:\/\/www.jurif.com\/es\/wp-json\/wp\/v2\/media?parent=788"}],"curies":[{"name":"wp","href":"https:\/\/api.w.org\/{rel}","templated":true}]}}