{"id":806,"date":"2023-07-10T08:49:08","date_gmt":"2023-07-10T08:49:08","guid":{"rendered":"https:\/\/www.jurif.com\/blog\/"},"modified":"2024-07-10T13:59:09","modified_gmt":"2024-07-10T11:59:09","slug":"blog","status":"publish","type":"page","link":"https:\/\/www.jurif.com\/es\/blog\/","title":{"rendered":"Blog"},"content":{"rendered":"<section  class='av_textblock_section av-b14in-f9de8c6dd349366e1723ebd91ff9d5b5 '   itemscope=\"itemscope\" itemtype=\"https:\/\/schema.org\/CreativeWork\" ><div class='avia_textblock'  itemprop=\"text\" ><h2 style=\"text-align: center;\">Blog<\/h2>\n<\/div><\/section>\n<div  class='flex_column av-a6k7j-75d3d8025d674c58996b0b8c45e62de1 av_one_full  avia-builder-el-1  el_after_av_textblock  avia-builder-el-last  first flex_column_div  column-top-margin'     ><div  data-slideshow-options=\"{&quot;animation&quot;:&quot;fade&quot;,&quot;autoplay&quot;:false,&quot;loop_autoplay&quot;:&quot;once&quot;,&quot;interval&quot;:5,&quot;loop_manual&quot;:&quot;manual-endless&quot;,&quot;autoplay_stopper&quot;:false,&quot;noNavigation&quot;:false,&quot;show_slide_delay&quot;:90}\" class='avia-content-slider avia-content-grid-active avia-content-slider1 avia-content-slider-odd  avia-builder-el-2  avia-builder-el-no-sibling  blog av-slideshow-ui av-control-default   av-no-slider-navigation av-slideshow-manual av-loop-once av-loop-manual-endless '  itemscope=\"itemscope\" itemtype=\"https:\/\/schema.org\/Blog\" ><div class=\"avia-content-slider-inner\"><div class=\"slide-entry-wrap\"><article class='slide-entry flex_column  post-entry post-entry-1099 slide-entry-overview slide-loop-1 slide-parity-odd  av_one_third first real-thumbnail posttype-post post-format-standard'  itemscope=\"itemscope\" itemtype=\"https:\/\/schema.org\/CreativeWork\" ><a href='https:\/\/www.jurif.com\/es\/elevado-a-50-000-euros-el-limite-exento-de-aportar-garantia-para-aplazar-o-fraccionar-deudas\/' data-rel='slide-1' class='slide-image' title='Elevado a 50.000 euros el l\u00edmite exento de aportar garant\u00eda para aplazar o fraccionar deudas'><img decoding=\"async\" fetchpriority=\"high\" width=\"495\" height=\"400\" src=\"https:\/\/www.jurif.com\/wp-content\/uploads\/2023\/07\/jurif-blog-fraccionar-deuda-495x400.png\" class=\"wp-image-1100 avia-img-lazy-loading-not-1100 attachment-portfolio size-portfolio wp-post-image\" alt=\"\" srcset=\"https:\/\/www.jurif.com\/wp-content\/uploads\/2023\/07\/jurif-blog-fraccionar-deuda-495x400.png 495w, https:\/\/www.jurif.com\/wp-content\/uploads\/2023\/07\/jurif-blog-fraccionar-deuda-845x684.png 845w\" sizes=\"(max-width: 495px) 100vw, 495px\" \/><\/a><div class=\"slide-content\"><header class=\"entry-content-header\" aria-label=\"Slide: Elevado a 50.000 euros el l\u00edmite exento de aportar garant\u00eda para aplazar o fraccionar deudas\"><h3 class='slide-entry-title entry-title '  itemprop=\"headline\" ><a href='https:\/\/www.jurif.com\/es\/elevado-a-50-000-euros-el-limite-exento-de-aportar-garantia-para-aplazar-o-fraccionar-deudas\/' title='Elevado a 50.000 euros el l\u00edmite exento de aportar garant\u00eda para aplazar o fraccionar deudas'>Elevado a 50.000 euros el l\u00edmite exento de aportar garant\u00eda para aplazar o fraccionar deudas<\/a><\/h3><span class=\"av-vertical-delimiter\"><\/span><\/header><\/div><footer class=\"entry-footer\"><\/footer><span class='hidden'>\n\t\t\t\t<span class='av-structured-data'  itemprop=\"image\" itemscope=\"itemscope\" itemtype=\"https:\/\/schema.org\/ImageObject\" >\n\t\t\t\t\t\t<span itemprop='url'>https:\/\/www.jurif.com\/wp-content\/uploads\/2023\/07\/jurif-blog-fraccionar-deuda.png<\/span>\n\t\t\t\t\t\t<span itemprop='height'>768<\/span>\n\t\t\t\t\t\t<span itemprop='width'>1024<\/span>\n\t\t\t\t<\/span>\n\t\t\t\t<span class='av-structured-data'  itemprop=\"publisher\" itemtype=\"https:\/\/schema.org\/Organization\" itemscope=\"itemscope\" >\n\t\t\t\t\t\t<span itemprop='name'>Ergates Tecnologia SL<\/span>\n\t\t\t\t\t\t<span itemprop='logo' itemscope itemtype='https:\/\/schema.org\/ImageObject'>\n\t\t\t\t\t\t\t<span itemprop='url'>https:\/\/www.jurif.com\/wp-content\/uploads\/2023\/07\/jurif-logo-1996.png<\/span>\n\t\t\t\t\t\t<\/span>\n\t\t\t\t<\/span><span class='av-structured-data'  itemprop=\"author\" itemscope=\"itemscope\" itemtype=\"https:\/\/schema.org\/Person\" ><span itemprop='name'>Ergates Tecnologia SL<\/span><\/span><span class='av-structured-data'  itemprop=\"datePublished\" datetime=\"2023-07-10T08:49:08+02:00\" >2023-07-12 16:56:42<\/span><span class='av-structured-data'  itemprop=\"dateModified\" itemtype=\"https:\/\/schema.org\/dateModified\" >2024-07-10 12:12:19<\/span><span class='av-structured-data'  itemprop=\"mainEntityOfPage\" itemtype=\"https:\/\/schema.org\/mainEntityOfPage\" ><span itemprop='name'>Elevado a 50.000 euros el l\u00edmite exento de aportar garant\u00eda para aplazar o fraccionar deudas<\/span><\/span><\/span><\/article><article class='slide-entry flex_column  post-entry post-entry-1091 slide-entry-overview slide-loop-2 slide-parity-even  av_one_third  real-thumbnail posttype-post post-format-standard'  itemscope=\"itemscope\" itemtype=\"https:\/\/schema.org\/CreativeWork\" ><a href='https:\/\/www.jurif.com\/es\/se-introducen-tipos-de-gravamen-reducidos-en-el-is-para-micropymes-y-empresas-emergentes\/' data-rel='slide-1' class='slide-image' title='Se introducen tipos de gravamen reducidos en el IS para micropymes y empresas emergentes'><img decoding=\"async\" fetchpriority=\"high\" width=\"495\" height=\"400\" src=\"https:\/\/www.jurif.com\/wp-content\/uploads\/2023\/07\/jurif-blog-IS-495x400.png\" class=\"wp-image-1092 avia-img-lazy-loading-not-1092 attachment-portfolio size-portfolio wp-post-image\" alt=\"\" \/><\/a><div class=\"slide-content\"><header class=\"entry-content-header\" aria-label=\"Slide: Se introducen tipos de gravamen reducidos en el IS para micropymes y empresas emergentes\"><h3 class='slide-entry-title entry-title '  itemprop=\"headline\" ><a href='https:\/\/www.jurif.com\/es\/se-introducen-tipos-de-gravamen-reducidos-en-el-is-para-micropymes-y-empresas-emergentes\/' title='Se introducen tipos de gravamen reducidos en el IS para micropymes y empresas emergentes'>Se introducen tipos de gravamen reducidos en el IS para micropymes y empresas emergentes<\/a><\/h3><span class=\"av-vertical-delimiter\"><\/span><\/header><\/div><footer class=\"entry-footer\"><\/footer><span class='hidden'>\n\t\t\t\t<span class='av-structured-data'  itemprop=\"image\" itemscope=\"itemscope\" itemtype=\"https:\/\/schema.org\/ImageObject\" >\n\t\t\t\t\t\t<span itemprop='url'>https:\/\/www.jurif.com\/wp-content\/uploads\/2023\/07\/jurif-blog-IS.png<\/span>\n\t\t\t\t\t\t<span itemprop='height'>940<\/span>\n\t\t\t\t\t\t<span itemprop='width'>654<\/span>\n\t\t\t\t<\/span>\n\t\t\t\t<span class='av-structured-data'  itemprop=\"publisher\" itemtype=\"https:\/\/schema.org\/Organization\" itemscope=\"itemscope\" >\n\t\t\t\t\t\t<span itemprop='name'>Ergates Tecnologia SL<\/span>\n\t\t\t\t\t\t<span itemprop='logo' itemscope itemtype='https:\/\/schema.org\/ImageObject'>\n\t\t\t\t\t\t\t<span itemprop='url'>https:\/\/www.jurif.com\/wp-content\/uploads\/2023\/07\/jurif-logo-1996.png<\/span>\n\t\t\t\t\t\t<\/span>\n\t\t\t\t<\/span><span class='av-structured-data'  itemprop=\"author\" itemscope=\"itemscope\" itemtype=\"https:\/\/schema.org\/Person\" ><span itemprop='name'>Ergates Tecnologia SL<\/span><\/span><span class='av-structured-data'  itemprop=\"datePublished\" datetime=\"2023-07-10T08:49:08+02:00\" >2023-07-12 16:52:56<\/span><span class='av-structured-data'  itemprop=\"dateModified\" itemtype=\"https:\/\/schema.org\/dateModified\" >2024-07-10 12:28:50<\/span><span class='av-structured-data'  itemprop=\"mainEntityOfPage\" itemtype=\"https:\/\/schema.org\/mainEntityOfPage\" ><span itemprop='name'>Se introducen tipos de gravamen reducidos en el IS para micropymes y empresas emergentes<\/span><\/span><\/span><\/article><article class='slide-entry flex_column  post-entry post-entry-1105 slide-entry-overview slide-loop-3 slide-parity-odd  post-entry-last  av_one_third  real-thumbnail posttype-post post-format-standard'  itemscope=\"itemscope\" itemtype=\"https:\/\/schema.org\/CreativeWork\" ><a href='https:\/\/www.jurif.com\/es\/se-puede-solicitar-la-baja-por-reglas-dolorosas\/' data-rel='slide-1' class='slide-image' title='\u00bfSe puede solicitar la baja por reglas dolorosas?'><img decoding=\"async\" fetchpriority=\"high\" width=\"495\" height=\"400\" src=\"https:\/\/www.jurif.com\/wp-content\/uploads\/2023\/07\/jurif-blog-dolor-regla-495x400.jpg\" class=\"wp-image-1106 avia-img-lazy-loading-not-1106 attachment-portfolio size-portfolio wp-post-image\" alt=\"\" srcset=\"https:\/\/www.jurif.com\/wp-content\/uploads\/2023\/07\/jurif-blog-dolor-regla-495x400.jpg 495w, https:\/\/www.jurif.com\/wp-content\/uploads\/2023\/07\/jurif-blog-dolor-regla-845x684.jpg 845w\" sizes=\"(max-width: 495px) 100vw, 495px\" \/><\/a><div class=\"slide-content\"><header class=\"entry-content-header\" aria-label=\"Slide: \u00bfSe puede solicitar la baja por reglas dolorosas?\"><h3 class='slide-entry-title entry-title '  itemprop=\"headline\" ><a href='https:\/\/www.jurif.com\/es\/se-puede-solicitar-la-baja-por-reglas-dolorosas\/' title='\u00bfSe puede solicitar la baja por reglas dolorosas?'>\u00bfSe puede solicitar la baja por reglas dolorosas?<\/a><\/h3><span class=\"av-vertical-delimiter\"><\/span><\/header><\/div><footer class=\"entry-footer\"><\/footer><span class='hidden'>\n\t\t\t\t<span class='av-structured-data'  itemprop=\"image\" itemscope=\"itemscope\" itemtype=\"https:\/\/schema.org\/ImageObject\" >\n\t\t\t\t\t\t<span itemprop='url'>https:\/\/www.jurif.com\/wp-content\/uploads\/2023\/07\/jurif-blog-dolor-regla.jpg<\/span>\n\t\t\t\t\t\t<span itemprop='height'>1080<\/span>\n\t\t\t\t\t\t<span itemprop='width'>1920<\/span>\n\t\t\t\t<\/span>\n\t\t\t\t<span class='av-structured-data'  itemprop=\"publisher\" itemtype=\"https:\/\/schema.org\/Organization\" itemscope=\"itemscope\" >\n\t\t\t\t\t\t<span itemprop='name'>Ergates Tecnologia SL<\/span>\n\t\t\t\t\t\t<span itemprop='logo' itemscope itemtype='https:\/\/schema.org\/ImageObject'>\n\t\t\t\t\t\t\t<span itemprop='url'>https:\/\/www.jurif.com\/wp-content\/uploads\/2023\/07\/jurif-logo-1996.png<\/span>\n\t\t\t\t\t\t<\/span>\n\t\t\t\t<\/span><span class='av-structured-data'  itemprop=\"author\" itemscope=\"itemscope\" itemtype=\"https:\/\/schema.org\/Person\" ><span itemprop='name'>Ergates Tecnologia SL<\/span><\/span><span class='av-structured-data'  itemprop=\"datePublished\" datetime=\"2023-07-10T08:49:08+02:00\" >2023-07-12 16:51:49<\/span><span class='av-structured-data'  itemprop=\"dateModified\" itemtype=\"https:\/\/schema.org\/dateModified\" >2023-07-25 09:51:52<\/span><span class='av-structured-data'  itemprop=\"mainEntityOfPage\" itemtype=\"https:\/\/schema.org\/mainEntityOfPage\" ><span itemprop='name'>\u00bfSe puede solicitar la baja por reglas dolorosas?<\/span><\/span><\/span><\/article><\/div><\/div><\/div><\/div>\n","protected":false},"excerpt":{"rendered":"","protected":false},"author":3,"featured_media":0,"parent":0,"menu_order":0,"comment_status":"closed","ping_status":"closed","template":"","meta":{"footnotes":""},"class_list":["post-806","page","type-page","status-publish","hentry"],"yoast_head":"<!-- This site is optimized with the Yoast SEO plugin v26.0 - https:\/\/yoast.com\/wordpress\/plugins\/seo\/ -->\n<title>Blog legal y de consultor\u00eda Jurif - Jurif Advocats Consultors<\/title>\n<meta name=\"description\" content=\"Art\u00edculos y noticias sobre temas legales, tributarios y laborales. Mantente informado con nuestro blog.\" \/>\n<meta name=\"robots\" content=\"index, follow, max-snippet:-1, max-image-preview:large, max-video-preview:-1\" \/>\n<link rel=\"canonical\" href=\"https:\/\/www.jurif.com\/es\/blog\/\" \/>\n<meta property=\"og:locale\" content=\"es_ES\" \/>\n<meta property=\"og:type\" content=\"article\" \/>\n<meta property=\"og:title\" content=\"Blog legal y de consultor\u00eda Jurif - Jurif Advocats Consultors\" \/>\n<meta property=\"og:description\" content=\"Art\u00edculos y noticias sobre temas legales, tributarios y laborales. Mantente informado con nuestro blog.\" \/>\n<meta property=\"og:url\" content=\"https:\/\/www.jurif.com\/es\/blog\/\" \/>\n<meta property=\"og:site_name\" content=\"Jurif Advocats Consultors\" \/>\n<meta property=\"article:modified_time\" content=\"2024-07-10T11:59:09+00:00\" \/>\n<meta name=\"twitter:card\" content=\"summary_large_image\" \/>\n<meta name=\"twitter:label1\" content=\"Tiempo de lectura\" \/>\n\t<meta name=\"twitter:data1\" content=\"2 minutos\" \/>\n<script type=\"application\/ld+json\" class=\"yoast-schema-graph\">{\"@context\":\"https:\/\/schema.org\",\"@graph\":[{\"@type\":\"WebPage\",\"@id\":\"https:\/\/www.jurif.com\/es\/blog\/\",\"url\":\"https:\/\/www.jurif.com\/es\/blog\/\",\"name\":\"Blog legal y de consultor\u00eda Jurif - Jurif Advocats Consultors\",\"isPartOf\":{\"@id\":\"https:\/\/www.jurif.com\/#website\"},\"datePublished\":\"2023-07-10T08:49:08+00:00\",\"dateModified\":\"2024-07-10T11:59:09+00:00\",\"description\":\"Art\u00edculos y noticias sobre temas legales, tributarios y laborales. Mantente informado con nuestro blog.\",\"breadcrumb\":{\"@id\":\"https:\/\/www.jurif.com\/es\/blog\/#breadcrumb\"},\"inLanguage\":\"es\",\"potentialAction\":[{\"@type\":\"ReadAction\",\"target\":[\"https:\/\/www.jurif.com\/es\/blog\/\"]}]},{\"@type\":\"BreadcrumbList\",\"@id\":\"https:\/\/www.jurif.com\/es\/blog\/#breadcrumb\",\"itemListElement\":[{\"@type\":\"ListItem\",\"position\":1,\"name\":\"Inici\",\"item\":\"https:\/\/www.jurif.com\/es\/servicios\/\"},{\"@type\":\"ListItem\",\"position\":2,\"name\":\"Blog\"}]},{\"@type\":\"WebSite\",\"@id\":\"https:\/\/www.jurif.com\/#website\",\"url\":\"https:\/\/www.jurif.com\/\",\"name\":\"Jurif Advocats Consultors\",\"description\":\"Advocats, , consultors tributaris i laborals, gestio i assessorament  patrimonial\",\"potentialAction\":[{\"@type\":\"SearchAction\",\"target\":{\"@type\":\"EntryPoint\",\"urlTemplate\":\"https:\/\/www.jurif.com\/?s={search_term_string}\"},\"query-input\":{\"@type\":\"PropertyValueSpecification\",\"valueRequired\":true,\"valueName\":\"search_term_string\"}}],\"inLanguage\":\"es\"}]}<\/script>\n<!-- \/ Yoast SEO plugin. -->","yoast_head_json":{"title":"Blog legal y de consultor\u00eda Jurif - Jurif Advocats Consultors","description":"Art\u00edculos y noticias sobre temas legales, tributarios y laborales. Mantente informado con nuestro blog.","robots":{"index":"index","follow":"follow","max-snippet":"max-snippet:-1","max-image-preview":"max-image-preview:large","max-video-preview":"max-video-preview:-1"},"canonical":"https:\/\/www.jurif.com\/es\/blog\/","og_locale":"es_ES","og_type":"article","og_title":"Blog legal y de consultor\u00eda Jurif - Jurif Advocats Consultors","og_description":"Art\u00edculos y noticias sobre temas legales, tributarios y laborales. Mantente informado con nuestro blog.","og_url":"https:\/\/www.jurif.com\/es\/blog\/","og_site_name":"Jurif Advocats Consultors","article_modified_time":"2024-07-10T11:59:09+00:00","twitter_card":"summary_large_image","twitter_misc":{"Tiempo de lectura":"2 minutos"},"schema":{"@context":"https:\/\/schema.org","@graph":[{"@type":"WebPage","@id":"https:\/\/www.jurif.com\/es\/blog\/","url":"https:\/\/www.jurif.com\/es\/blog\/","name":"Blog legal y de consultor\u00eda Jurif - Jurif Advocats Consultors","isPartOf":{"@id":"https:\/\/www.jurif.com\/#website"},"datePublished":"2023-07-10T08:49:08+00:00","dateModified":"2024-07-10T11:59:09+00:00","description":"Art\u00edculos y noticias sobre temas legales, tributarios y laborales. Mantente informado con nuestro blog.","breadcrumb":{"@id":"https:\/\/www.jurif.com\/es\/blog\/#breadcrumb"},"inLanguage":"es","potentialAction":[{"@type":"ReadAction","target":["https:\/\/www.jurif.com\/es\/blog\/"]}]},{"@type":"BreadcrumbList","@id":"https:\/\/www.jurif.com\/es\/blog\/#breadcrumb","itemListElement":[{"@type":"ListItem","position":1,"name":"Inici","item":"https:\/\/www.jurif.com\/es\/servicios\/"},{"@type":"ListItem","position":2,"name":"Blog"}]},{"@type":"WebSite","@id":"https:\/\/www.jurif.com\/#website","url":"https:\/\/www.jurif.com\/","name":"Jurif Advocats Consultors","description":"Advocats, , consultors tributaris i laborals, gestio i assessorament  patrimonial","potentialAction":[{"@type":"SearchAction","target":{"@type":"EntryPoint","urlTemplate":"https:\/\/www.jurif.com\/?s={search_term_string}"},"query-input":{"@type":"PropertyValueSpecification","valueRequired":true,"valueName":"search_term_string"}}],"inLanguage":"es"}]}},"_links":{"self":[{"href":"https:\/\/www.jurif.com\/es\/wp-json\/wp\/v2\/pages\/806","targetHints":{"allow":["GET"]}}],"collection":[{"href":"https:\/\/www.jurif.com\/es\/wp-json\/wp\/v2\/pages"}],"about":[{"href":"https:\/\/www.jurif.com\/es\/wp-json\/wp\/v2\/types\/page"}],"author":[{"embeddable":true,"href":"https:\/\/www.jurif.com\/es\/wp-json\/wp\/v2\/users\/3"}],"replies":[{"embeddable":true,"href":"https:\/\/www.jurif.com\/es\/wp-json\/wp\/v2\/comments?post=806"}],"version-history":[{"count":6,"href":"https:\/\/www.jurif.com\/es\/wp-json\/wp\/v2\/pages\/806\/revisions"}],"predecessor-version":[{"id":1607,"href":"https:\/\/www.jurif.com\/es\/wp-json\/wp\/v2\/pages\/806\/revisions\/1607"}],"wp:attachment":[{"href":"https:\/\/www.jurif.com\/es\/wp-json\/wp\/v2\/media?parent=806"}],"curies":[{"name":"wp","href":"https:\/\/api.w.org\/{rel}","templated":true}]}}